{"id":1518,"date":"2018-06-24T21:31:58","date_gmt":"2018-06-25T01:31:58","guid":{"rendered":"http:\/\/alexandrepoitras.com\/blogue\/?page_id=1518"},"modified":"2023-03-14T23:45:11","modified_gmt":"2023-03-15T03:45:11","slug":"photos-evenements-corporatifs","status":"publish","type":"page","link":"http:\/\/alexandrepoitras.com\/blogue\/?page_id=1518","title":{"rendered":"Photos corporatives"},"content":{"rendered":"<h2>Photos d&#8217;\u00e9v\u00e9nements corporatifs<\/h2>\n<p>Nous sommes en mesure de couvrir tous les aspects de la photographie corporative, des portraits professionnels aux photos d&#8217;\u00e9quipe, en passant par la photographie de produits, les \u00e9v\u00e9nements d&#8217;entreprise et les installations industrielles. Nous travaillons avec des \u00e9quipements professionnels pour produire des images de haute qualit\u00e9 qui refl\u00e8tent l&#8217;excellence de votre entreprise.<\/p>\n<p>Les photos corporatives de qualit\u00e9 peuvent \u00eatre utilis\u00e9es pour mettre en valeur votre entreprise sur votre site Web, vos m\u00e9dias sociaux, vos publicit\u00e9s, vos pr\u00e9sentations commerciales, votre mat\u00e9riel promotionnel et vos rapports annuels. Elles peuvent \u00e9galement \u00eatre utilis\u00e9es pour renforcer la marque de votre entreprise en cr\u00e9ant une image professionnelle et coh\u00e9rente.<\/p>\n<p>En choisissant notre service de photographie corporative, vous pouvez \u00eatre s\u00fbr que nous allons vous fournir des images professionnelles qui refl\u00e8tent l&#8217;identit\u00e9 de votre entreprise. Nous sommes passionn\u00e9s par notre travail et nous sommes fiers de produire des images de qualit\u00e9 pour nos clients.<\/p>\n<h2>Contactez-nous !<\/h2>\n<p><a href=\"http:\/\/alexandrepoitras.com\/blogue\/?page_id=694\">Contactez-nous d\u00e8s aujourd&#8217;hui<\/a> pour discuter de vos besoins en mati\u00e8re de photographie corporative. Nous serions heureux de travailler avec vous pour cr\u00e9er des images de qualit\u00e9 qui refl\u00e8tent l&#8217;excellence de votre entreprise.<\/p>\n<div class=\"ngg-pro-mosaic-container\" data-ngg-pro-mosaic-id=\"a280407dd98ef90b2079da8fa054de99\"><\/div>\n\n","protected":false},"excerpt":{"rendered":"<p>Photos d&#8217;\u00e9v\u00e9nements corporatifs Nous sommes en mesure de couvrir tous les aspects de la photographie corporative, des portraits professionnels aux photos d&#8217;\u00e9quipe, en passant par la photographie de produits, les \u00e9v\u00e9nements d&#8217;entreprise et les installations industrielles. Nous travaillons avec des \u00e9quipements professionnels pour produire des images de haute qualit\u00e9 qui refl\u00e8tent l&#8217;excellence de votre entreprise. [&hellip;]<\/p>\n","protected":false},"author":1,"featured_media":0,"parent":0,"menu_order":0,"comment_status":"closed","ping_status":"closed","template":"","meta":{"_monsterinsights_skip_tracking":false,"_monsterinsights_sitenote_active":false,"_monsterinsights_sitenote_note":"","_monsterinsights_sitenote_category":0,"ngg_post_thumbnail":0,"footnotes":""},"yoast_head":"<!-- This site is optimized with the Yoast SEO plugin v24.3 - https:\/\/yoast.com\/wordpress\/plugins\/seo\/ -->\n<title>Photos corporatives - Alexandre Poitras - Photographe<\/title>\n<meta name=\"description\" content=\"Nous sommes sp\u00e9cialis\u00e9s dans la photographie corporative et nous sommes en mesure de cr\u00e9er des images de qualit\u00e9 pour votre entreprise.\" \/>\n<meta name=\"robots\" content=\"index, follow, max-snippet:-1, max-image-preview:large, max-video-preview:-1\" \/>\n<link rel=\"canonical\" href=\"http:\/\/alexandrepoitras.com\/blogue\/?page_id=1518\" \/>\n<meta property=\"og:locale\" content=\"en_US\" \/>\n<meta property=\"og:type\" content=\"article\" \/>\n<meta property=\"og:title\" content=\"Photos corporatives - Alexandre Poitras - Photographe\" \/>\n<meta property=\"og:description\" content=\"Nous sommes sp\u00e9cialis\u00e9s dans la photographie corporative et nous sommes en mesure de cr\u00e9er des images de qualit\u00e9 pour votre entreprise.\" \/>\n<meta property=\"og:url\" content=\"http:\/\/alexandrepoitras.com\/blogue\/?page_id=1518\" \/>\n<meta property=\"og:site_name\" content=\"Alexandre Poitras - Photographe\" \/>\n<meta property=\"article:publisher\" content=\"https:\/\/facebook.com\/Alexandre.Poitras.Photographe\" \/>\n<meta property=\"article:modified_time\" content=\"2023-03-15T03:45:11+00:00\" \/>\n<meta name=\"twitter:card\" content=\"summary_large_image\" \/>\n<meta name=\"twitter:site\" content=\"@AlexPoitras\" \/>\n<meta name=\"twitter:label1\" content=\"Est. reading time\" \/>\n\t<meta name=\"twitter:data1\" content=\"1 minute\" \/>\n<script type=\"application\/ld+json\" class=\"yoast-schema-graph\">{\"@context\":\"https:\/\/schema.org\",\"@graph\":[{\"@type\":\"WebPage\",\"@id\":\"http:\/\/alexandrepoitras.com\/blogue\/?page_id=1518\",\"url\":\"http:\/\/alexandrepoitras.com\/blogue\/?page_id=1518\",\"name\":\"Photos corporatives - Alexandre Poitras - Photographe\",\"isPartOf\":{\"@id\":\"http:\/\/alexandrepoitras.com\/blogue\/#website\"},\"datePublished\":\"2018-06-25T01:31:58+00:00\",\"dateModified\":\"2023-03-15T03:45:11+00:00\",\"description\":\"Nous sommes sp\u00e9cialis\u00e9s dans la photographie corporative et nous sommes en mesure de cr\u00e9er des images de qualit\u00e9 pour votre entreprise.\",\"breadcrumb\":{\"@id\":\"http:\/\/alexandrepoitras.com\/blogue\/?page_id=1518#breadcrumb\"},\"inLanguage\":\"en-US\",\"potentialAction\":[{\"@type\":\"ReadAction\",\"target\":[\"http:\/\/alexandrepoitras.com\/blogue\/?page_id=1518\"]}]},{\"@type\":\"BreadcrumbList\",\"@id\":\"http:\/\/alexandrepoitras.com\/blogue\/?page_id=1518#breadcrumb\",\"itemListElement\":[{\"@type\":\"ListItem\",\"position\":1,\"name\":\"Home\",\"item\":\"http:\/\/alexandrepoitras.com\/blogue\/\"},{\"@type\":\"ListItem\",\"position\":2,\"name\":\"Photos corporatives\"}]},{\"@type\":\"WebSite\",\"@id\":\"http:\/\/alexandrepoitras.com\/blogue\/#website\",\"url\":\"http:\/\/alexandrepoitras.com\/blogue\/\",\"name\":\"Alexandre Poitras - Photographe\",\"description\":\"Photographe Sportif, corporatif, de mariage et de studio\",\"publisher\":{\"@id\":\"http:\/\/alexandrepoitras.com\/blogue\/#organization\"},\"potentialAction\":[{\"@type\":\"SearchAction\",\"target\":{\"@type\":\"EntryPoint\",\"urlTemplate\":\"http:\/\/alexandrepoitras.com\/blogue\/?s={search_term_string}\"},\"query-input\":{\"@type\":\"PropertyValueSpecification\",\"valueRequired\":true,\"valueName\":\"search_term_string\"}}],\"inLanguage\":\"en-US\"},{\"@type\":\"Organization\",\"@id\":\"http:\/\/alexandrepoitras.com\/blogue\/#organization\",\"name\":\"Alexandre Poitras - Photographe\",\"url\":\"http:\/\/alexandrepoitras.com\/blogue\/\",\"logo\":{\"@type\":\"ImageObject\",\"inLanguage\":\"en-US\",\"@id\":\"http:\/\/alexandrepoitras.com\/blogue\/#\/schema\/logo\/image\/\",\"url\":\"http:\/\/alexandrepoitras.com\/blogue\/wp-content\/uploads\/2011\/10\/Alexandre-Poitras-Photographe.png\",\"contentUrl\":\"http:\/\/alexandrepoitras.com\/blogue\/wp-content\/uploads\/2011\/10\/Alexandre-Poitras-Photographe.png\",\"width\":\"500\",\"height\":\"286\",\"caption\":\"Alexandre Poitras - Photographe\"},\"image\":{\"@id\":\"http:\/\/alexandrepoitras.com\/blogue\/#\/schema\/logo\/image\/\"},\"sameAs\":[\"https:\/\/facebook.com\/Alexandre.Poitras.Photographe\",\"https:\/\/x.com\/AlexPoitras\",\"http:\/\/instagram.com\/alexpoitras\"]}]}<\/script>\n<!-- \/ Yoast SEO plugin. -->","yoast_head_json":{"title":"Photos corporatives - Alexandre Poitras - Photographe","description":"Nous sommes sp\u00e9cialis\u00e9s dans la photographie corporative et nous sommes en mesure de cr\u00e9er des images de qualit\u00e9 pour votre entreprise.","robots":{"index":"index","follow":"follow","max-snippet":"max-snippet:-1","max-image-preview":"max-image-preview:large","max-video-preview":"max-video-preview:-1"},"canonical":"http:\/\/alexandrepoitras.com\/blogue\/?page_id=1518","og_locale":"en_US","og_type":"article","og_title":"Photos corporatives - Alexandre Poitras - Photographe","og_description":"Nous sommes sp\u00e9cialis\u00e9s dans la photographie corporative et nous sommes en mesure de cr\u00e9er des images de qualit\u00e9 pour votre entreprise.","og_url":"http:\/\/alexandrepoitras.com\/blogue\/?page_id=1518","og_site_name":"Alexandre Poitras - Photographe","article_publisher":"https:\/\/facebook.com\/Alexandre.Poitras.Photographe","article_modified_time":"2023-03-15T03:45:11+00:00","twitter_card":"summary_large_image","twitter_site":"@AlexPoitras","twitter_misc":{"Est. reading time":"1 minute"},"schema":{"@context":"https:\/\/schema.org","@graph":[{"@type":"WebPage","@id":"http:\/\/alexandrepoitras.com\/blogue\/?page_id=1518","url":"http:\/\/alexandrepoitras.com\/blogue\/?page_id=1518","name":"Photos corporatives - Alexandre Poitras - Photographe","isPartOf":{"@id":"http:\/\/alexandrepoitras.com\/blogue\/#website"},"datePublished":"2018-06-25T01:31:58+00:00","dateModified":"2023-03-15T03:45:11+00:00","description":"Nous sommes sp\u00e9cialis\u00e9s dans la photographie corporative et nous sommes en mesure de cr\u00e9er des images de qualit\u00e9 pour votre entreprise.","breadcrumb":{"@id":"http:\/\/alexandrepoitras.com\/blogue\/?page_id=1518#breadcrumb"},"inLanguage":"en-US","potentialAction":[{"@type":"ReadAction","target":["http:\/\/alexandrepoitras.com\/blogue\/?page_id=1518"]}]},{"@type":"BreadcrumbList","@id":"http:\/\/alexandrepoitras.com\/blogue\/?page_id=1518#breadcrumb","itemListElement":[{"@type":"ListItem","position":1,"name":"Home","item":"http:\/\/alexandrepoitras.com\/blogue\/"},{"@type":"ListItem","position":2,"name":"Photos corporatives"}]},{"@type":"WebSite","@id":"http:\/\/alexandrepoitras.com\/blogue\/#website","url":"http:\/\/alexandrepoitras.com\/blogue\/","name":"Alexandre Poitras - Photographe","description":"Photographe Sportif, corporatif, de mariage et de studio","publisher":{"@id":"http:\/\/alexandrepoitras.com\/blogue\/#organization"},"potentialAction":[{"@type":"SearchAction","target":{"@type":"EntryPoint","urlTemplate":"http:\/\/alexandrepoitras.com\/blogue\/?s={search_term_string}"},"query-input":{"@type":"PropertyValueSpecification","valueRequired":true,"valueName":"search_term_string"}}],"inLanguage":"en-US"},{"@type":"Organization","@id":"http:\/\/alexandrepoitras.com\/blogue\/#organization","name":"Alexandre Poitras - Photographe","url":"http:\/\/alexandrepoitras.com\/blogue\/","logo":{"@type":"ImageObject","inLanguage":"en-US","@id":"http:\/\/alexandrepoitras.com\/blogue\/#\/schema\/logo\/image\/","url":"http:\/\/alexandrepoitras.com\/blogue\/wp-content\/uploads\/2011\/10\/Alexandre-Poitras-Photographe.png","contentUrl":"http:\/\/alexandrepoitras.com\/blogue\/wp-content\/uploads\/2011\/10\/Alexandre-Poitras-Photographe.png","width":"500","height":"286","caption":"Alexandre Poitras - Photographe"},"image":{"@id":"http:\/\/alexandrepoitras.com\/blogue\/#\/schema\/logo\/image\/"},"sameAs":["https:\/\/facebook.com\/Alexandre.Poitras.Photographe","https:\/\/x.com\/AlexPoitras","http:\/\/instagram.com\/alexpoitras"]}]}},"_links":{"self":[{"href":"http:\/\/alexandrepoitras.com\/blogue\/index.php?rest_route=\/wp\/v2\/pages\/1518"}],"collection":[{"href":"http:\/\/alexandrepoitras.com\/blogue\/index.php?rest_route=\/wp\/v2\/pages"}],"about":[{"href":"http:\/\/alexandrepoitras.com\/blogue\/index.php?rest_route=\/wp\/v2\/types\/page"}],"author":[{"embeddable":true,"href":"http:\/\/alexandrepoitras.com\/blogue\/index.php?rest_route=\/wp\/v2\/users\/1"}],"replies":[{"embeddable":true,"href":"http:\/\/alexandrepoitras.com\/blogue\/index.php?rest_route=%2Fwp%2Fv2%2Fcomments&post=1518"}],"version-history":[{"count":3,"href":"http:\/\/alexandrepoitras.com\/blogue\/index.php?rest_route=\/wp\/v2\/pages\/1518\/revisions"}],"predecessor-version":[{"id":1925,"href":"http:\/\/alexandrepoitras.com\/blogue\/index.php?rest_route=\/wp\/v2\/pages\/1518\/revisions\/1925"}],"wp:attachment":[{"href":"http:\/\/alexandrepoitras.com\/blogue\/index.php?rest_route=%2Fwp%2Fv2%2Fmedia&parent=1518"}],"curies":[{"name":"wp","href":"https:\/\/api.w.org\/{rel}","templated":true}]}}